{"id":620,"date":"2025-03-23T18:09:10","date_gmt":"2025-03-23T18:09:10","guid":{"rendered":"http:\/\/dev.hanit.ee\/product\/inb-winter-floor-tiles\/"},"modified":"2025-03-30T18:57:17","modified_gmt":"2025-03-30T18:57:17","slug":"inb-winter-floor-tiles","status":"publish","type":"product","link":"http:\/\/dev.hanit.ee\/en\/product\/inb-winter-floor-tiles\/","title":{"rendered":"INB mudguard tiles"},"content":{"rendered":"<pre id=\"tw-target-text\" class=\"tw-data-text tw-text-large tw-ta\" dir=\"ltr\" data-placeholder=\"T\u00f5lge\" data-ved=\"2ahUKEwjl1ZuN_6mMAxULJxAIHamiJtsQ3ewLegQICBAV\" aria-label=\"T\u00f5lgitud tekst: INB\u00ae s\u00fcsteem sobib k\u00f5ikidele loomadele, kes veedavad aega aastaringselt v\u00e4ljas. Mudased pinnad ei ole ainult inimestele ja loomadele h\u00e4irivad, vaid v\u00f5ivad soodustada ka haigustekitajate levikut. Kogege INB\u00ae eeliseid ja kinkige oma l\u00e4hedastele r\u00f5\u00f5mu ning pikka ja t\u00e4isv\u00e4\u00e4rtuslikku elu.\"><span class=\"Y2IQFc\" lang=\"et\">INB\u00ae mudat\u00f5kkes\u00fcsteem sobib k\u00f5ikidele loomadele, kes veedavad aega aastaringselt v\u00e4ljas. \nMudased pinnad ei ole ainult inimestele ja loomadele h\u00e4irivad, vaid v\u00f5ivad soodustada ka \nhaigustekitajate levikut. \nKogege INB\u00ae eeliseid ja kinkige oma l\u00e4hedastele r\u00f5\u00f5mu ning pikka ja t\u00e4isv\u00e4\u00e4rtuslikku elu.\nJuba 20 aastat oleme lemmikloomaomanikke nende ehitusprojektides toetanud ja teavitanud.\nLooma heaolu on esmat\u00e4htis. INB\u00ae-s\u00fcsteemi plaati kasutatakse erinevates rakendusvaldkondades.\nSeda saab paigaldada drenaa\u017eiplaadina v\u00f5i kinnitusplaadina. S\u00fcsteemi saab paigaldada ilma \naluskonstruktsioonita ja see kaitseb p\u00f5randat n\u00e4iteks hobuste s\u00f5rgade poolt p\u00f5hjustatud \ntihenemise ja pinnase erosiooni eest. \nSee v\u00f5imaldab pinnasel end uuendada ja sademetel takistamatult \u00e4ra voolata. \nT\u00e4nu sisseehitatud \u00f5\u00f5neskambris\u00fcsteemile ei vaju plaat \u00e4ra isegi savisel pinnasel. \nKuid INB\u00ae-s\u00fcsteem lubab veelgi enamat.\n<\/span><\/pre>\n","protected":false},"excerpt":{"rendered":"<p>Strong INB mud barrier tile for fast soil consolidation!<\/p>\n<p>Quantity under: 140<\/p>\n","protected":false},"featured_media":596,"template":"","meta":[],"product_brand":[],"product_cat":[108],"product_tag":[],"class_list":{"0":"post-620","1":"product","2":"type-product","3":"status-publish","4":"has-post-thumbnail","6":"product_cat-floor-tiles","8":"first","9":"instock","10":"shipping-taxable","11":"purchasable","12":"product-type-simple"},"_links":{"self":[{"href":"http:\/\/dev.hanit.ee\/en\/wp-json\/wp\/v2\/product\/620","targetHints":{"allow":["GET"]}}],"collection":[{"href":"http:\/\/dev.hanit.ee\/en\/wp-json\/wp\/v2\/product"}],"about":[{"href":"http:\/\/dev.hanit.ee\/en\/wp-json\/wp\/v2\/types\/product"}],"wp:featuredmedia":[{"embeddable":true,"href":"http:\/\/dev.hanit.ee\/en\/wp-json\/wp\/v2\/media\/596"}],"wp:attachment":[{"href":"http:\/\/dev.hanit.ee\/en\/wp-json\/wp\/v2\/media?parent=620"}],"wp:term":[{"taxonomy":"product_brand","embeddable":true,"href":"http:\/\/dev.hanit.ee\/en\/wp-json\/wp\/v2\/product_brand?post=620"},{"taxonomy":"product_cat","embeddable":true,"href":"http:\/\/dev.hanit.ee\/en\/wp-json\/wp\/v2\/product_cat?post=620"},{"taxonomy":"product_tag","embeddable":true,"href":"http:\/\/dev.hanit.ee\/en\/wp-json\/wp\/v2\/product_tag?post=620"}],"curies":[{"name":"wp","href":"https:\/\/api.w.org\/{rel}","templated":true}]}}